{"id":67074,"date":"2025-08-19T21:54:28","date_gmt":"2025-08-20T00:54:28","guid":{"rendered":"https:\/\/fmradiocultura.com.ar\/site2025\/?page_id=67074"},"modified":"2025-09-19T15:23:16","modified_gmt":"2025-09-19T18:23:16","slug":"bases-y-condiciones-premio-rfi-rc-2025","status":"publish","type":"page","link":"https:\/\/fmradiocultura.com.ar\/site2025\/bases-y-condiciones-premio-rfi-rc-2025\/","title":{"rendered":"Bases y Condiciones Premio RFI-RC 2025"},"content":{"rendered":"\n<h2 class=\"wp-block-heading has-text-align-center\"><strong><u>Reglamento del Premio RFI \u2013 Radio Cultura<\/u><\/strong><\/h2>\n\n\n\n<p><strong><u>1.Organizadores<\/u><\/strong><\/p>\n\n\n\n<p><strong>France M\u00e9dias Monde, en nombre y por cuenta de Radio France Internationale (\u201cRFI\u201d), <\/strong>sociedad an\u00f3nima de derecho franc\u00e9s inscripta en el RCS de Nanterre con el n\u00famero501.524.029 y con sede social sita 80, rue Camille Desmoulins \u2013 92130 Issy-les-Moulineaux (Francia), y <strong>Emisiones Culturales S.A., en nombre y por cuenta de Radio Cultura,<\/strong> sociedad an\u00f3nima de derecho argentino inscripta en el Registro P\u00fablico de Comercio de Buenos Aires el 2 de abril de 2003 con el n\u00famero 4.332 y con sede social sita calle Uruguay 1371 5\u00b0 piso \u2013 1128 Buenos Aires (Argentina) organizan y otorgan el Premio \u201cRFI \u2013 Radio Cultura\u201d al Fomento de las Artes (en adelante, el \u201cPREMIO\u201d), con el objetivo de estimular y recompensar la producci\u00f3n cultural realizada en la Argentina.<\/p>\n\n\n\n<p><strong><u>2. Descripci\u00f3n del PREMIO<\/u><\/strong><\/p>\n\n\n\n<p>El objetivo del PREMIO es galardonar una obra o evento art\u00edstico que se destaque por su visi\u00f3n humanista y universalista del mundo, realizada por personas f\u00edsicas o jur\u00eddicas, instituciones, grupos de personas o de instituciones en la Argentina y otros pa\u00edses eventualmente.<\/p>\n\n\n\n<p>El PREMIO se concede una vez al a\u00f1o.<\/p>\n\n\n\n<p><strong><u>3. Autoridades del PREMIO<\/u><\/strong><\/p>\n\n\n\n<p>El t\u00e9rmino \u201cAutoridades\u201d designa a las dos (2) personas responsables de la organizaci\u00f3n del PREMIO. RFI por una parte y Radio Cultura por otra parte, nombran respectivamente y de manera unilateral una persona de su elecci\u00f3n para representarlos.<\/p>\n\n\n\n<p>Las Autoridades del PREMIO determinan cada a\u00f1o la disciplina art\u00edstica que ser\u00e1 premiada. En la d\u00e9cima edici\u00f3n, 2025, el PREMIO ser\u00e1 atribuido a una obra de \u201cArte total\u201d, es decir que re\u00fana al menos tres de las disciplinas galardonadas en los a\u00f1os anteriores, y que se enuncian a continuaci\u00f3n: Artes Esc\u00e9nicas, Artes Visuales, Danza, Performance, M\u00fasica, Literatura, Fotograf\u00eda, Cine, Street Art y Creaci\u00f3n Digital. La categor\u00eda premiada en el a\u00f1o 2026 ser\u00e1 anunciada en el momento de la entrega de los premios 2025, y as\u00ed sucesivamente los a\u00f1os posteriores.<\/p>\n\n\n\n<p><strong><u>4. Calendario<\/u><\/strong><\/p>\n\n\n\n<p>El PREMIO se entregar\u00e1 en la primera quincena de noviembre de cada a\u00f1o, y galardonar\u00e1 obras o eventos art\u00edsticos que hayan sido presentados al p\u00fablico entre el 1\u00b0 de noviembre del a\u00f1o anterior y el 31 de octubre del a\u00f1o en curso. En la edici\u00f3n 2025 se otorgar\u00e1n un 1\u00ba premio y eventuales menciones especiales.<\/p>\n\n\n\n<p><strong><u>5.&nbsp; Recompensa<\/u><\/strong><\/p>\n\n\n\n<p>Los ganadores (un artista y\/o el representante de un grupo de artistas) del PREMIO, ser\u00e1n recompensados como se enuncia a continuaci\u00f3n:<\/p>\n\n\n\n<p>&#8211; la entrega de un diploma;<\/p>\n\n\n\n<p>-la promoci\u00f3n de las obras premiadas en las emisoras de RFI y Radio Cultura;<br><br>-un viaje a Francia, con una estad\u00eda de tres noches y una agenda de inter\u00e9s.<\/p>\n\n\n\n<p><strong><u>6. Condiciones de participaci\u00f3n<\/u><\/strong><\/p>\n\n\n\n<p>El PREMIO, tradicionalmente reservado a las personas f\u00edsicas mayores de 18 a\u00f1os con residencia principal en la Argentina y a las personas jur\u00eddicas residentes en la Argentina, se abre este a\u00f1o a personas f\u00edsicas y jur\u00eddicas residentes en otros pa\u00edses del Cono Sur (Chile, Paraguay, Uruguay).<\/p>\n\n\n\n<p>El PREMIO est\u00e1 abierto a todo el mundo cultural y creativo. Podr\u00e1n presentar candidaturas al PREMIO:<\/p>\n\n\n\n<p>-toda persona participante en una obra o evento art\u00edstico;<\/p>\n\n\n\n<p>-personalidades e instituciones del mundo art\u00edstico, incluyendo los galardonados en ediciones anteriores del PREMIO, elegidas por el Jurado.<\/p>\n\n\n\n<p>No ser\u00e1n admitidas las candidaturas:<\/p>\n\n\n\n<p>-a t\u00edtulo p\u00f3stumo;<\/p>\n\n\n\n<p>-de quienes hayan formado parte de un jurado del PREMIO durante los tres a\u00f1os inmediatamente anteriores al de la propuesta.<\/p>\n\n\n\n<p><strong><u>7. Presentaci\u00f3n de candidaturas<\/u><\/strong><\/p>\n\n\n\n<p>Las candidaturas propuestas deber\u00e1n estar acompa\u00f1adas de un dossier de presentaci\u00f3n y de una nota de intenci\u00f3n explicitando la importancia de la obra o del evento, especialmente en su dimensi\u00f3n humanista y universalista.<br><br>Para la edici\u00f3n 2025, el dossier deber\u00e1 comprender las siguientes informaciones: t\u00edtulo de la obra, link o descarga que permita visualizarla, condiciones de realizaci\u00f3n de la misma, presentaciones eventuales en festivales, salas y eventos, distinciones recibidas, y todo dato que pueda ser de inter\u00e9s para el Jurado.<\/p>\n\n\n\n<p>Plazo de presentaci\u00f3n de las candidaturas: del 1\u00b0 de noviembre del 2024 hasta el 21 de octubre del corriente a\u00f1o.<\/p>\n\n\n\n<p>Modo de presentaci\u00f3n<\/p>\n\n\n\n<p>Las candidaturas, tanto individuales como de instituciones, deber\u00e1n enviarse a:&nbsp;<a href=\"mailto:fomentodelasartes@fmradiocultura.com.ar\"><strong>fomentodelasartes@fmradiocultura.com.ar<\/strong><\/a><strong><\/strong><\/p>\n\n\n\n<p><strong>Cada candidatura deber\u00e1 incluir,<\/strong>&nbsp;<strong>en el caso de las candidaturas individuales, adem\u00e1s del dossier antes mencionado:<\/strong><\/p>\n\n\n\n<ul class=\"wp-block-list\">\n<li>El enlace Internet hacia el sitio donde puede verse la iniciativa cultural<\/li>\n\n\n\n<li>Una breve presentaci\u00f3n escrita de dicha iniciativa cultural explicando su car\u00e1cter innovador.<\/li>\n\n\n\n<li>El nombre del creador o de los creadores.<\/li>\n\n\n\n<li>Sus datos (direcci\u00f3n postal, n\u00fameros de tel\u00e9fono, direcci\u00f3n email).<\/li>\n\n\n\n<li>Una s\u00edntesis biogr\u00e1fica de su trayectoria art\u00edstica.<\/li>\n<\/ul>\n\n\n\n<p><strong>Cada candidatura deber\u00e1 incluir,<\/strong>&nbsp;<strong>en el caso de las candidaturas institucionales, adem\u00e1s del dossier entes mencionado:<\/strong><\/p>\n\n\n\n<ul class=\"wp-block-list\">\n<li>El enlace Internet hacia el sitio donde puede verse la iniciativa cultural.<\/li>\n\n\n\n<li>Una breve presentaci\u00f3n escrita de dicha iniciativa cultural explicando su car\u00e1cter innovador.<\/li>\n\n\n\n<li>El nombre del creador o de los creadores.<\/li>\n\n\n\n<li>Los datos de la instituci\u00f3n que presenta la iniciativa cultural y asimismo los datos del creador o creadores (direcci\u00f3n postal, n\u00fameros de tel\u00e9fono, direcci\u00f3n email).<\/li>\n\n\n\n<li>Una breve presentaci\u00f3n de la instituci\u00f3n que presenta la iniciativa cultural y asimismo una s\u00edntesis biogr\u00e1fica de la trayectoria art\u00edstica del creador o de los creadores de la iniciativa cultural.<\/li>\n<\/ul>\n\n\n\n<p><strong><u>8.&nbsp;Composici\u00f3n del Jurado y deliberaciones<\/u><\/strong><\/p>\n\n\n\n<p>La evaluaci\u00f3n de las presentaciones y la elecci\u00f3n de los galardonados del PREMIO es competencia exclusiva del Jurado, compuesto por las Autoridades del PREMIO y de cinco (5) a siete (7) personalidades elegidas por los organizadores por su autoridad en las disciplinas art\u00edsticas seleccionadas.<\/p>\n\n\n\n<p>El Jurado es presidido por un miembro elegido en su seno por los miembros de este. El presidente organiza y dirige las deliberaciones. En caso de igualdad en la votaci\u00f3n, el presidente tiene doble voto.<\/p>\n\n\n\n<p>El Jurado celebrar\u00e1 sus reuniones y concluir\u00e1 en la segunda quincena de octubre de cada a\u00f1o. Sus miembros deben estar presentes en todas las reuniones deliberativas. Las deliberaciones del Jurado son secretas.<\/p>\n\n\n\n<p>El voto es indelegable. El PREMIO se otorgar\u00e1 a los galardonados por mayor\u00eda de los votos del Jurado, que podr\u00e1 otorgar tambi\u00e9n menciones especiales.<\/p>\n\n\n\n<p>Durante el curso de sus deliberaciones, el Jurado no podr\u00e1 proceder a la modificaci\u00f3n en ning\u00fan sentido de las candidaturas presentadas.<\/p>\n\n\n\n<p>Al t\u00e9rmino de las sesiones del Jurado, el fallo ser\u00e1 entregado en sobre cerrado a un escribano establecido en la Argentina previamente designado por las Autoridades del PREMIO, d\u00e1ndose a conocer los galardonados por el presidente del Jurado en un acto p\u00fablico organizado en los d\u00edas posteriores en presencia del escribano.<\/p>\n\n\n\n<p><strong><u>9. Entrega del PREMIO<\/u><\/strong><\/p>\n\n\n\n<p>Para recibir las recompensas previstas en el art\u00edculo 5, los galardonados deber\u00e1n estar presentes o representados en la ceremonia de entrega del PREMIO.<\/p>\n\n\n\n<p>En los d\u00edas inmediatamente posteriores al fijado para la ceremonia de entrega del PREMIO,&nbsp;los galardonados, si as\u00ed les fuera solicitado por las Autoridades del PREMIO, se comprometen a participar en actividades destinadas a la promoci\u00f3n de la obra o el evento galardonados.<\/p>\n\n\n\n<p><strong><u>10. Aceptaci\u00f3n del Reglamento<\/u><\/strong><\/p>\n\n\n\n<p>La participaci\u00f3n al PREMIO vale aceptaci\u00f3n por los candidatos de todas las cl\u00e1usulas del presente Reglamento. Toda dificultad relativa a la aplicaci\u00f3n del Reglamento ser\u00e1 objeto de una interpretaci\u00f3n soberana de las Autoridades. Los reclamos solo ser\u00e1n admitidos en un plazo de 15 d\u00edas despu\u00e9s de la ceremonia de entrega del PREMIO a los galardonados.<\/p>\n\n\n\n<p>RFI y Radio Cultura se reservan el derecho de acortar, modificar o anular el PREMIO si estiman que las circunstancias lo exigen. La anulaci\u00f3n no podr\u00e1 ser objeto de reclamo alguno tendiente a comprometer su responsabilidad. Lo mismo vale en caso de problemas t\u00e9cnicos antes y durante el concurso.<\/p>\n\n\n\n<p>RFI y Radio Cultura no ser\u00e1n considerados responsables en caso de fuerza mayor que les obligue a anular, retrasar o modificar el PREMIO.<\/p>\n\n\n\n<p><strong><u>11. Promoci\u00f3n<\/u><\/strong><\/p>\n\n\n\n<p>Al aceptar el PREMIO, los galardonados autorizan RFI y Radio Cultura a utilizar sus apellidos y nombres y su contribuci\u00f3n a todo evento publi-promocional vinculado al PREMIO, sin otra restricci\u00f3n o reserva que la prevista en el art\u00edculo 13 de este reglamento, y sin que ello les confiera remuneraci\u00f3n, derecho o beneficio alguno.<\/p>\n\n\n\n<p><strong><u>12. Protecci\u00f3n de datos de car\u00e1cter personal<\/u><\/strong><\/p>\n\n\n\n<p>Los datos de car\u00e1cter personal colectados lo son con el fin de organizar el PREMIO.<\/p>\n\n\n\n<p>Conforme a la ley francesa n\u00b078-17 del 6 de enero de 1978 relativa a la inform\u00e1tica, a los archivos y a las libertades, modificada el 6 de agosto de 2004, as\u00ed como a la ley equivalente en la Argentina, toda persona que haya contestado dispone de un derecho a rectificaci\u00f3n y supresi\u00f3n de los datos que le conciernen solicit\u00e1ndolo a la siguiente direcci\u00f3n:<a href=\"mailto:premiofomentodelasartes@gmail.com\" target=\"_blank\" rel=\"noreferrer noopener\"> premiofomentodelasartes@gmail.com<\/a>.<\/p>\n\n\n\n<p>Los organizadores del PREMIO declaran conformarse a la ley francesa n\u00b078-17 del 6 de enero de 1978 relativa a la inform\u00e1tica, a los archivos y a las libertades, modificada el 6 de agosto de 2004, as\u00ed como a la ley equivalente en la Argentina, y que las medidas t\u00e9cnicas y de organizaci\u00f3n apropiadas fueron adoptadas para garantizar un nivel de seguridad adecuado para la protecci\u00f3n de los datos de car\u00e1cter personal.<\/p>\n\n\n\n<p>Conforme a la reglamentaci\u00f3n en vigencia, las informaciones recabadas en el marco del PREMIO est\u00e1n exclusivamente destinadas a las empresas organizadoras y no ser\u00e1n vendidas o cedidas a terceros de ninguna manera.<\/p>\n\n\n\n<p><strong><u>13. Atribuci\u00f3n de competencia<\/u><\/strong><\/p>\n\n\n\n<p>Todo litigio que no pudiera ser solucionado de forma amigable deber\u00e1 resolverse ante el Tribunal de Gran Instancia de Nanterre (Francia). La ley francesa ser\u00e1 la \u00fanica aplicable para la interpretaci\u00f3n de los t\u00e9rminos y disposiciones del presente reglamento.<\/p>\n\n\n\n<p><strong><u>14. Dep\u00f3sito legal<\/u><\/strong><\/p>\n\n\n\n<p>El presente reglamento ser\u00e1 objeto de dep\u00f3sito legal en el Estudio SCP F Proust &amp;amp; Guillaume Goury-Laffont, 28ter, rue Guersant 75017 Par\u00eds (Francia) y en el Estudio Leverone &amp; Mihura Estrada, Lavalle 190 Piso 6, Buenos Aires (Argentina).<\/p>\n\n\n\n<p>Ser\u00e1 enviado gratuitamente a toda persona que lo solicite por escrito a la siguiente direcci\u00f3n: <a href=\"mailto:premiofomentodelasartes@gmail.com\" target=\"_blank\" rel=\"noreferrer noopener\">premioalfomentodelasartes@gmail.com<\/a>.<\/p>\n\n\n\n<p><\/p>\n","protected":false},"excerpt":{"rendered":"<p>Reglamento del Premio RFI \u2013 Radio Cultura 1.Organizadores France M\u00e9dias Monde, en nombre y por cuenta de Radio France Internationale (\u201cRFI\u201d), sociedad an\u00f3nima de derecho franc\u00e9s inscripta en el RCS de Nanterre con el n\u00famero501.524.029 y con sede social sita 80, rue Camille Desmoulins \u2013 92130 Issy-les-Moulineaux (Francia), y Emisiones Culturales S.A., en nombre y<\/p>\n","protected":false},"author":1,"featured_media":67129,"parent":0,"menu_order":0,"comment_status":"closed","ping_status":"closed","template":"","meta":{"footnotes":""},"class_list":["post-67074","page","type-page","status-publish","has-post-thumbnail"],"yoast_head":"<!-- This site is optimized with the Yoast SEO plugin v27.2 - https:\/\/yoast.com\/product\/yoast-seo-wordpress\/ -->\n<title>Bases y Condiciones Premio RFI-RC 2025 &#8211; Radio Cultura<\/title>\n<meta name=\"robots\" content=\"noindex, follow, max-snippet:-1, max-image-preview:large, max-video-preview:-1\" \/>\n<meta property=\"og:locale\" content=\"es_ES\" \/>\n<meta property=\"og:type\" content=\"article\" \/>\n<meta property=\"og:title\" content=\"Bases y Condiciones Premio RFI-RC 2025 &#8211; Radio Cultura\" \/>\n<meta property=\"og:description\" content=\"Reglamento del Premio RFI \u2013 Radio Cultura 1.Organizadores France M\u00e9dias Monde, en nombre y por cuenta de Radio France Internationale (\u201cRFI\u201d), sociedad an\u00f3nima de derecho franc\u00e9s inscripta en el RCS de Nanterre con el n\u00famero501.524.029 y con sede social sita 80, rue Camille Desmoulins \u2013 92130 Issy-les-Moulineaux (Francia), y Emisiones Culturales S.A., en nombre y\" \/>\n<meta property=\"og:url\" content=\"https:\/\/fmradiocultura.com.ar\/site2025\/bases-y-condiciones-premio-rfi-rc-2025\/\" \/>\n<meta property=\"og:site_name\" content=\"Radio Cultura\" \/>\n<meta property=\"article:publisher\" content=\"https:\/\/www.facebook.com\/radioculturaba\/\" \/>\n<meta property=\"article:modified_time\" content=\"2025-09-19T18:23:16+00:00\" \/>\n<meta property=\"og:image\" content=\"https:\/\/fmradiocultura.com.ar\/site2025\/wp-content\/uploads\/2025\/08\/Premio-2025-v3.jpg\" \/>\n\t<meta property=\"og:image:width\" content=\"1472\" \/>\n\t<meta property=\"og:image:height\" content=\"832\" \/>\n\t<meta property=\"og:image:type\" content=\"image\/jpeg\" \/>\n<meta name=\"twitter:card\" content=\"summary_large_image\" \/>\n<meta name=\"twitter:site\" content=\"@radioculturaba\" \/>\n<meta name=\"twitter:label1\" content=\"Tiempo de lectura\" \/>\n\t<meta name=\"twitter:data1\" content=\"8 minutos\" \/>\n<script type=\"application\/ld+json\" class=\"yoast-schema-graph\">{\"@context\":\"https:\/\/schema.org\",\"@graph\":[{\"@type\":\"WebPage\",\"@id\":\"https:\/\/fmradiocultura.com.ar\/site2025\/bases-y-condiciones-premio-rfi-rc-2025\/\",\"url\":\"https:\/\/fmradiocultura.com.ar\/site2025\/bases-y-condiciones-premio-rfi-rc-2025\/\",\"name\":\"Bases y Condiciones Premio RFI-RC 2025 &#8211; Radio Cultura\",\"isPartOf\":{\"@id\":\"https:\/\/fmradiocultura.com.ar\/site2025\/#website\"},\"primaryImageOfPage\":{\"@id\":\"https:\/\/fmradiocultura.com.ar\/site2025\/bases-y-condiciones-premio-rfi-rc-2025\/#primaryimage\"},\"image\":{\"@id\":\"https:\/\/fmradiocultura.com.ar\/site2025\/bases-y-condiciones-premio-rfi-rc-2025\/#primaryimage\"},\"thumbnailUrl\":\"https:\/\/fmradiocultura.com.ar\/site2025\/wp-content\/uploads\/2025\/08\/Premio-2025-v3.jpg\",\"datePublished\":\"2025-08-20T00:54:28+00:00\",\"dateModified\":\"2025-09-19T18:23:16+00:00\",\"breadcrumb\":{\"@id\":\"https:\/\/fmradiocultura.com.ar\/site2025\/bases-y-condiciones-premio-rfi-rc-2025\/#breadcrumb\"},\"inLanguage\":\"es\",\"potentialAction\":[{\"@type\":\"ReadAction\",\"target\":[\"https:\/\/fmradiocultura.com.ar\/site2025\/bases-y-condiciones-premio-rfi-rc-2025\/\"]}]},{\"@type\":\"ImageObject\",\"inLanguage\":\"es\",\"@id\":\"https:\/\/fmradiocultura.com.ar\/site2025\/bases-y-condiciones-premio-rfi-rc-2025\/#primaryimage\",\"url\":\"https:\/\/fmradiocultura.com.ar\/site2025\/wp-content\/uploads\/2025\/08\/Premio-2025-v3.jpg\",\"contentUrl\":\"https:\/\/fmradiocultura.com.ar\/site2025\/wp-content\/uploads\/2025\/08\/Premio-2025-v3.jpg\",\"width\":1472,\"height\":832},{\"@type\":\"BreadcrumbList\",\"@id\":\"https:\/\/fmradiocultura.com.ar\/site2025\/bases-y-condiciones-premio-rfi-rc-2025\/#breadcrumb\",\"itemListElement\":[{\"@type\":\"ListItem\",\"position\":1,\"name\":\"Portada\",\"item\":\"https:\/\/fmradiocultura.com.ar\/site2025\/\"},{\"@type\":\"ListItem\",\"position\":2,\"name\":\"Bases y Condiciones Premio RFI-RC 2025\"}]},{\"@type\":\"WebSite\",\"@id\":\"https:\/\/fmradiocultura.com.ar\/site2025\/#website\",\"url\":\"https:\/\/fmradiocultura.com.ar\/site2025\/\",\"name\":\"Radio Cultura\",\"description\":\"Es un medio independiente que busca difundir arte, cultura y turismo cultural al mundo hispanohablante.\",\"publisher\":{\"@id\":\"https:\/\/fmradiocultura.com.ar\/site2025\/#organization\"},\"alternateName\":\"fmradiocultura.com.ar\",\"potentialAction\":[{\"@type\":\"SearchAction\",\"target\":{\"@type\":\"EntryPoint\",\"urlTemplate\":\"https:\/\/fmradiocultura.com.ar\/site2025\/?s={search_term_string}\"},\"query-input\":{\"@type\":\"PropertyValueSpecification\",\"valueRequired\":true,\"valueName\":\"search_term_string\"}}],\"inLanguage\":\"es\"},{\"@type\":\"Organization\",\"@id\":\"https:\/\/fmradiocultura.com.ar\/site2025\/#organization\",\"name\":\"Radio Cultura\",\"alternateName\":\"fmradiocultura.com.ar\",\"url\":\"https:\/\/fmradiocultura.com.ar\/site2025\/\",\"logo\":{\"@type\":\"ImageObject\",\"inLanguage\":\"es\",\"@id\":\"https:\/\/fmradiocultura.com.ar\/site2025\/#\/schema\/logo\/image\/\",\"url\":\"https:\/\/fmradiocultura.com.ar\/site2025\/wp-content\/uploads\/2025\/06\/Logo-RC-ok-1080x1080-vertical.jpg\",\"contentUrl\":\"https:\/\/fmradiocultura.com.ar\/site2025\/wp-content\/uploads\/2025\/06\/Logo-RC-ok-1080x1080-vertical.jpg\",\"width\":1080,\"height\":1080,\"caption\":\"Radio Cultura\"},\"image\":{\"@id\":\"https:\/\/fmradiocultura.com.ar\/site2025\/#\/schema\/logo\/image\/\"},\"sameAs\":[\"https:\/\/www.facebook.com\/radioculturaba\/\",\"https:\/\/x.com\/radioculturaba\",\"https:\/\/www.instagram.com\/radioculturaba\"]}]}<\/script>\n<!-- \/ Yoast SEO plugin. -->","yoast_head_json":{"title":"Bases y Condiciones Premio RFI-RC 2025 &#8211; Radio Cultura","robots":{"index":"noindex","follow":"follow","max-snippet":"max-snippet:-1","max-image-preview":"max-image-preview:large","max-video-preview":"max-video-preview:-1"},"og_locale":"es_ES","og_type":"article","og_title":"Bases y Condiciones Premio RFI-RC 2025 &#8211; Radio Cultura","og_description":"Reglamento del Premio RFI \u2013 Radio Cultura 1.Organizadores France M\u00e9dias Monde, en nombre y por cuenta de Radio France Internationale (\u201cRFI\u201d), sociedad an\u00f3nima de derecho franc\u00e9s inscripta en el RCS de Nanterre con el n\u00famero501.524.029 y con sede social sita 80, rue Camille Desmoulins \u2013 92130 Issy-les-Moulineaux (Francia), y Emisiones Culturales S.A., en nombre y","og_url":"https:\/\/fmradiocultura.com.ar\/site2025\/bases-y-condiciones-premio-rfi-rc-2025\/","og_site_name":"Radio Cultura","article_publisher":"https:\/\/www.facebook.com\/radioculturaba\/","article_modified_time":"2025-09-19T18:23:16+00:00","og_image":[{"width":1472,"height":832,"url":"https:\/\/fmradiocultura.com.ar\/site2025\/wp-content\/uploads\/2025\/08\/Premio-2025-v3.jpg","type":"image\/jpeg"}],"twitter_card":"summary_large_image","twitter_site":"@radioculturaba","twitter_misc":{"Tiempo de lectura":"8 minutos"},"schema":{"@context":"https:\/\/schema.org","@graph":[{"@type":"WebPage","@id":"https:\/\/fmradiocultura.com.ar\/site2025\/bases-y-condiciones-premio-rfi-rc-2025\/","url":"https:\/\/fmradiocultura.com.ar\/site2025\/bases-y-condiciones-premio-rfi-rc-2025\/","name":"Bases y Condiciones Premio RFI-RC 2025 &#8211; Radio Cultura","isPartOf":{"@id":"https:\/\/fmradiocultura.com.ar\/site2025\/#website"},"primaryImageOfPage":{"@id":"https:\/\/fmradiocultura.com.ar\/site2025\/bases-y-condiciones-premio-rfi-rc-2025\/#primaryimage"},"image":{"@id":"https:\/\/fmradiocultura.com.ar\/site2025\/bases-y-condiciones-premio-rfi-rc-2025\/#primaryimage"},"thumbnailUrl":"https:\/\/fmradiocultura.com.ar\/site2025\/wp-content\/uploads\/2025\/08\/Premio-2025-v3.jpg","datePublished":"2025-08-20T00:54:28+00:00","dateModified":"2025-09-19T18:23:16+00:00","breadcrumb":{"@id":"https:\/\/fmradiocultura.com.ar\/site2025\/bases-y-condiciones-premio-rfi-rc-2025\/#breadcrumb"},"inLanguage":"es","potentialAction":[{"@type":"ReadAction","target":["https:\/\/fmradiocultura.com.ar\/site2025\/bases-y-condiciones-premio-rfi-rc-2025\/"]}]},{"@type":"ImageObject","inLanguage":"es","@id":"https:\/\/fmradiocultura.com.ar\/site2025\/bases-y-condiciones-premio-rfi-rc-2025\/#primaryimage","url":"https:\/\/fmradiocultura.com.ar\/site2025\/wp-content\/uploads\/2025\/08\/Premio-2025-v3.jpg","contentUrl":"https:\/\/fmradiocultura.com.ar\/site2025\/wp-content\/uploads\/2025\/08\/Premio-2025-v3.jpg","width":1472,"height":832},{"@type":"BreadcrumbList","@id":"https:\/\/fmradiocultura.com.ar\/site2025\/bases-y-condiciones-premio-rfi-rc-2025\/#breadcrumb","itemListElement":[{"@type":"ListItem","position":1,"name":"Portada","item":"https:\/\/fmradiocultura.com.ar\/site2025\/"},{"@type":"ListItem","position":2,"name":"Bases y Condiciones Premio RFI-RC 2025"}]},{"@type":"WebSite","@id":"https:\/\/fmradiocultura.com.ar\/site2025\/#website","url":"https:\/\/fmradiocultura.com.ar\/site2025\/","name":"Radio Cultura","description":"Es un medio independiente que busca difundir arte, cultura y turismo cultural al mundo hispanohablante.","publisher":{"@id":"https:\/\/fmradiocultura.com.ar\/site2025\/#organization"},"alternateName":"fmradiocultura.com.ar","potentialAction":[{"@type":"SearchAction","target":{"@type":"EntryPoint","urlTemplate":"https:\/\/fmradiocultura.com.ar\/site2025\/?s={search_term_string}"},"query-input":{"@type":"PropertyValueSpecification","valueRequired":true,"valueName":"search_term_string"}}],"inLanguage":"es"},{"@type":"Organization","@id":"https:\/\/fmradiocultura.com.ar\/site2025\/#organization","name":"Radio Cultura","alternateName":"fmradiocultura.com.ar","url":"https:\/\/fmradiocultura.com.ar\/site2025\/","logo":{"@type":"ImageObject","inLanguage":"es","@id":"https:\/\/fmradiocultura.com.ar\/site2025\/#\/schema\/logo\/image\/","url":"https:\/\/fmradiocultura.com.ar\/site2025\/wp-content\/uploads\/2025\/06\/Logo-RC-ok-1080x1080-vertical.jpg","contentUrl":"https:\/\/fmradiocultura.com.ar\/site2025\/wp-content\/uploads\/2025\/06\/Logo-RC-ok-1080x1080-vertical.jpg","width":1080,"height":1080,"caption":"Radio Cultura"},"image":{"@id":"https:\/\/fmradiocultura.com.ar\/site2025\/#\/schema\/logo\/image\/"},"sameAs":["https:\/\/www.facebook.com\/radioculturaba\/","https:\/\/x.com\/radioculturaba","https:\/\/www.instagram.com\/radioculturaba"]}]}},"_links":{"self":[{"href":"https:\/\/fmradiocultura.com.ar\/site2025\/wp-json\/wp\/v2\/pages\/67074","targetHints":{"allow":["GET"]}}],"collection":[{"href":"https:\/\/fmradiocultura.com.ar\/site2025\/wp-json\/wp\/v2\/pages"}],"about":[{"href":"https:\/\/fmradiocultura.com.ar\/site2025\/wp-json\/wp\/v2\/types\/page"}],"author":[{"embeddable":true,"href":"https:\/\/fmradiocultura.com.ar\/site2025\/wp-json\/wp\/v2\/users\/1"}],"replies":[{"embeddable":true,"href":"https:\/\/fmradiocultura.com.ar\/site2025\/wp-json\/wp\/v2\/comments?post=67074"}],"version-history":[{"count":8,"href":"https:\/\/fmradiocultura.com.ar\/site2025\/wp-json\/wp\/v2\/pages\/67074\/revisions"}],"predecessor-version":[{"id":67547,"href":"https:\/\/fmradiocultura.com.ar\/site2025\/wp-json\/wp\/v2\/pages\/67074\/revisions\/67547"}],"wp:featuredmedia":[{"embeddable":true,"href":"https:\/\/fmradiocultura.com.ar\/site2025\/wp-json\/wp\/v2\/media\/67129"}],"wp:attachment":[{"href":"https:\/\/fmradiocultura.com.ar\/site2025\/wp-json\/wp\/v2\/media?parent=67074"}],"curies":[{"name":"wp","href":"https:\/\/api.w.org\/{rel}","templated":true}]}}